{"id":2426,"date":"2021-10-07T12:38:18","date_gmt":"2021-10-07T10:38:18","guid":{"rendered":"https:\/\/fresh.papatya.org\/?page_id=2426"},"modified":"2021-11-22T13:09:53","modified_gmt":"2021-11-22T12:09:53","slug":"who-we-are","status":"publish","type":"page","link":"https:\/\/papatya.org\/en\/who-we-are\/","title":{"rendered":"Who we are"},"content":{"rendered":"<div class=\"wpb-content-wrapper\"><p>[vc_row row_height_percent=&#8221;0&#8243; override_padding=&#8221;yes&#8221; h_padding=&#8221;2&#8243; top_padding=&#8221;2&#8243; bottom_padding=&#8221;0&#8243; overlay_alpha=&#8221;50&#8243; gutter_size=&#8221;3&#8243; column_width_percent=&#8221;100&#8243; shift_y=&#8221;0&#8243; z_index=&#8221;10&#8243; medium_visibility=&#8221;yes&#8221; mobile_visibility=&#8221;yes&#8221; el_class=&#8221;papier&#8221; shape_dividers=&#8221;&#8221;][vc_column column_width_percent=&#8221;100&#8243; gutter_size=&#8221;3&#8243; overlay_alpha=&#8221;50&#8243; shift_x=&#8221;0&#8243; shift_y=&#8221;0&#8243; shift_y_down=&#8221;0&#8243; z_index=&#8221;0&#8243; medium_visibility=&#8221;yes&#8221; medium_width=&#8221;0&#8243; mobile_visibility=&#8221;yes&#8221; mobile_width=&#8221;0&#8243; width=&#8221;1\/1&#8243;][vc_column_text]<\/p>\n<h2><strong>On this page you will find the following information:<\/strong><\/h2>\n<p>[\/vc_column_text][\/vc_column][\/vc_row][vc_row row_height_percent=&#8221;0&#8243; override_padding=&#8221;yes&#8221; h_padding=&#8221;2&#8243; top_padding=&#8221;0&#8243; bottom_padding=&#8221;2&#8243; overlay_alpha=&#8221;50&#8243; gutter_size=&#8221;3&#8243; column_width_percent=&#8221;100&#8243; shift_y=&#8221;0&#8243; z_index=&#8221;10&#8243; medium_visibility=&#8221;yes&#8221; mobile_visibility=&#8221;yes&#8221; el_class=&#8221;papier&#8221;][vc_column column_width_percent=&#8221;100&#8243; gutter_size=&#8221;3&#8243; overlay_alpha=&#8221;50&#8243; shift_x=&#8221;0&#8243; shift_y=&#8221;0&#8243; shift_y_down=&#8221;0&#8243; z_index=&#8221;0&#8243; medium_width=&#8221;2&#8243; mobile_width=&#8221;0&#8243; width=&#8221;1\/6&#8243;][vc_column_text]<\/p>\n<div class=\"zettel-link rotate-2 clearfix\"><a title=\"Who we are\" href=\"#wirueberuns\">Who we are<\/a><\/div>\n<p>[\/vc_column_text][\/vc_column][vc_column column_width_percent=&#8221;100&#8243; gutter_size=&#8221;3&#8243; overlay_alpha=&#8221;50&#8243; shift_x=&#8221;0&#8243; shift_y=&#8221;0&#8243; shift_y_down=&#8221;0&#8243; z_index=&#8221;0&#8243; medium_width=&#8221;2&#8243; mobile_width=&#8221;0&#8243; width=&#8221;1\/6&#8243;][vc_column_text]<\/p>\n<div class=\"zettel-link rotate-2 clearfix\"><a title=\"Kooperationen\" href=\"#kooperationen\">Cooperation<\/a><\/div>\n<p>[\/vc_column_text][\/vc_column][vc_column column_width_percent=&#8221;100&#8243; gutter_size=&#8221;3&#8243; overlay_alpha=&#8221;50&#8243; shift_x=&#8221;0&#8243; shift_y=&#8221;0&#8243; shift_y_down=&#8221;0&#8243; z_index=&#8221;0&#8243; medium_width=&#8221;2&#8243; mobile_width=&#8221;0&#8243; width=&#8221;1\/6&#8243;][vc_column_text]<\/p>\n<div class=\"zettel-link rotate-2 clearfix\"><a title=\"Pressespiegel\" href=\"#presse\">Press review<\/a><\/div>\n<p>[\/vc_column_text][\/vc_column][vc_column column_width_percent=&#8221;100&#8243; gutter_size=&#8221;3&#8243; overlay_alpha=&#8221;50&#8243; shift_x=&#8221;0&#8243; shift_y=&#8221;0&#8243; shift_y_down=&#8221;0&#8243; z_index=&#8221;0&#8243; medium_width=&#8221;2&#8243; mobile_width=&#8221;0&#8243; width=&#8221;1\/6&#8243;][vc_column_text]<\/p>\n<div class=\"zettel-link rotate-2 clearfix\"><a title=\"Auszeichnungen\" href=\"#auszeichnungen\">Awards<\/a><\/div>\n<p>[\/vc_column_text][\/vc_column][vc_column width=&#8221;1\/6&#8243;][vc_column_text][\/vc_column_text][\/vc_column][vc_column width=&#8221;1\/6&#8243;][vc_column_text][\/vc_column_text][\/vc_column][\/vc_row][vc_row row_height_percent=&#8221;0&#8243; overlay_alpha=&#8221;50&#8243; gutter_size=&#8221;3&#8243; column_width_percent=&#8221;100&#8243; shift_y=&#8221;0&#8243; z_index=&#8221;9&#8243; el_class=&#8221;graupapier&#8221; row_name=&#8221;wirueberuns&#8221;][vc_column column_width_percent=&#8221;100&#8243; gutter_size=&#8221;3&#8243; overlay_alpha=&#8221;50&#8243; shift_x=&#8221;0&#8243; shift_y=&#8221;0&#8243; shift_y_down=&#8221;0&#8243; z_index=&#8221;0&#8243; medium_width=&#8221;6&#8243; mobile_width=&#8221;0&#8243; width=&#8221;2\/3&#8243;][vc_column_text]<\/p>\n<h2><strong>Who we are<\/strong><\/h2>\n<p>We are an interculturally competent team of women from the areas of social work, psychology, political science and law. Currently we speak Turkish, Kurdish, Arabic, Farsi, English and German.<\/p>\n<p><strong>In the crisis organisation PAPATYA<\/strong> we have advised and assisted girls and young women with refugee and migration backgrounds, who need to flee from their families to a secret address. We have been able to assist over 2000 girls and young women.\u00a0 The young people are accompanied round the clock after their acceptance\/entry. The issues are often family violence, forced marriage which is threatened or already occurred, overly strict family controls, sexual violence and other similar matters. We support girls and young women in their life planning and in dealing with their families. During their time at PAPATYA we seek to develop perspectives for the future in close cooperation with the Youth Office (Jugendamt), Jobcenter and other institutions. This can be the return to the parents, to other relatives or accommodation in an assisted shared apartment for young people\/women\u2019s accommodation in or outside Berlin.<\/p>\n<p>Through our online advice service SIBEL since 2004 we have offered advice and help for girls and young women, LGBTI*Q and couples, who have problems with their families. The advice is anonymous, confidential and free and can be given in writing, by telephone or face to face. Written advice is possible in German, English and Turkish. Moreover, we advise professional and private helpers, who want to assist those affected. In particular we advise on the issues of forced marriage, family control, threats and violence and abduction\/kidnapping.<\/p>\n<p>Since 2013 we have advised and coordinated in cases of abduction abroad. We want to prevent girls and young women from being married against their will while abroad or being left abroad. Our preventive assistance is offered to all those who are afraid of being abducted. If girls and young women are already being held abroad against their will, we try to support them in their apparently hopeless position and to enable a return to Germany. Further, it is our aim to educate the public about abduction and to prevent girls and young women from disappearing from Germany and nobody notices.<\/p>\n<p>[\/vc_column_text][\/vc_column][vc_column width=&#8221;1\/3&#8243;][\/vc_column][\/vc_row][vc_row row_height_percent=&#8221;0&#8243; overlay_alpha=&#8221;50&#8243; gutter_size=&#8221;3&#8243; column_width_percent=&#8221;100&#8243; shift_y=&#8221;0&#8243; z_index=&#8221;7&#8243; el_class=&#8221;liniertpapier&#8221; row_name=&#8221;kooperationen&#8221;][vc_column column_width_percent=&#8221;100&#8243; gutter_size=&#8221;3&#8243; overlay_alpha=&#8221;50&#8243; shift_x=&#8221;0&#8243; shift_y=&#8221;0&#8243; shift_y_down=&#8221;0&#8243; z_index=&#8221;0&#8243; medium_width=&#8221;3&#8243; mobile_width=&#8221;0&#8243; width=&#8221;1\/3&#8243;][vc_single_image media=&#8221;1940&#8243; media_width_percent=&#8221;100&#8243;][\/vc_column][vc_column column_width_percent=&#8221;100&#8243; gutter_size=&#8221;3&#8243; overlay_alpha=&#8221;50&#8243; shift_x=&#8221;0&#8243; shift_y=&#8221;0&#8243; shift_y_down=&#8221;0&#8243; z_index=&#8221;0&#8243; medium_width=&#8221;5&#8243; mobile_width=&#8221;0&#8243; width=&#8221;2\/3&#8243;][vc_column_text]<\/p>\n<h2>Cooperationen<\/h2>\n<p>PAPATYA works throughout Germany with institutions of youth assistance, women\u2019s refuges, socially and educationally assisted residence projects for minors and young women and crisis institutions as well as with the specialised crisis telephone service for girls, who are threatened or affected by forced marriage and violence in the name of honour. Further, we are represented in a range of committees, where we support the interests of our target group.<\/p>\n<ul>\n<li><strong>The Federal German Expert Conference Against Forced Marriage (BuKo)<\/strong> is a community of protection institutions and advisory services, which are specialised in forced marriage. At the regular, annual networking meetings of BuKo we exchange experience and develop common demands for political action. Press statement of the <a href=\"\/wp-content\/uploads\/2021\/08\/Presseerkla\u0308rung-der-Bundesfachkonferenz-Zwangsverheiratung.pdf\"><u>Federal German Expert Conference Against Forced Marriage<\/u>.<\/a><\/li>\n<li>The Berlin Working Group against Forced Marriage was established in 2001 at the initiative of PAPATYA and is coordinated by the Women\u2019s and Equality Commissioner of the District Friedrichshain-Kreuzberg. It is comprised of representatives of protection institutions, advisory services and other projects from schools, youth offices, Commissioner for Foreigners and other institutions. The working meetings that take place several times a year deal with sharing expert experience and planning and coordination of measures and public relations work against forced marriage. The working group is the publisher of important publications on the topic.<a href=\"https:\/\/www.berlin.de\/ba-friedrichshain-kreuzberg\/politik-und-verwaltung\/beauftragte\/gleichstellung\/frauenfeindliche-werbung\/broschuere-zwangsverheiratung.pdf\">The brochure \u201cForced Marriage\u201d<\/a> informs about the problem as well as the legal context in Germany and in the main countries of origin of those affected. Moreover, it contains an address list of all relevant advisory services and protection institutions.The brochure <a href=\"https:\/\/www.berlin.de\/ba-friedrichshain-kreuzberg\/politik-und-verwaltung\/beauftragte\/gleichstellung\/aktuelles\/10.07.2017_handlungsempfehlungen_web.pdf\">Recommendations for action for the Berlin youth offices on the topic Intervention in case of violence against girls and young women in traditional, patriarchal families<\/a> encourages sensitive dealing with those affected by forced marriage and sets out an important working foundation for expert staff of the regional services of the Berlin youth offices.<\/li>\n<\/ul>\n<p>[\/vc_column_text][\/vc_column][\/vc_row][vc_row row_height_percent=&#8221;0&#8243; overlay_alpha=&#8221;50&#8243; gutter_size=&#8221;3&#8243; column_width_percent=&#8221;100&#8243; shift_y=&#8221;0&#8243; z_index=&#8221;6&#8243; bottom_divider=&#8221;gradient&#8221; el_class=&#8221;papier&#8221; row_name=&#8221;presse&#8221;][vc_column column_width_percent=&#8221;100&#8243; gutter_size=&#8221;3&#8243; overlay_alpha=&#8221;50&#8243; shift_x=&#8221;0&#8243; shift_y=&#8221;0&#8243; shift_y_down=&#8221;0&#8243; z_index=&#8221;0&#8243; medium_width=&#8221;5&#8243; mobile_width=&#8221;0&#8243; width=&#8221;2\/3&#8243;][vc_column_text]<\/p>\n<h2><strong>PAPATYA in the Press<\/strong><\/h2>\n<ul>\n<li>Die Welt &#8211; 13.11.2020: <a href=\"https:\/\/www.welt.de\/vermischtes\/plus180635744\/Zwangsehen-in-Deutschland-Taeglich-schrieb-der-Verlobte-Du-gehoerst-jetzt-mir.html\" target=\"_blank\" rel=\"noopener\">T\u00e4glich schrieb der Verlobte &#8211; &#8220;Du geh\u00f6rst jetzt mir&#8221;<\/a> von Carla Baum<\/li>\n<li><span class=\"bold\">Der Tagesspiegel &#8211; 03.12.2019: <a href=\"https:\/\/papatya.org\/pdf\/Tagesspiegel_Artikel_03.12.2019_Zwangsehen.pdf\" target=\"_blank\" rel=\"noopener\">\u201eHinterm Schleier\u201d<\/a> von Ronja Ringelstein<\/span><\/li>\n<li>Die Zeit &#8211; 13.02.2019: <a href=\"https:\/\/www.zeit.de\/2019\/08\/zwangsheirat-frauen-zuflucht-frauenhaus-berlin\" target=\"_blank\" rel=\"noopener\">Zwangsheirat: &#8220;Manchmal ist die Mutter die treibende Kraft&#8221;<\/a> von Elisabeth Raether<\/li>\n<li>Fokus &#8211; 16.10.2018: <a href=\"https:\/\/www.focus.de\/politik\/deutschland\/verein-papatya-hilft-ihnen-im-schlimmsten-fall-droht-der-ehrenmord-wie-maedchen-in-berlin-vor-zwangsehen-fliehen_id_9470569.html\" target=\"_blank\" rel=\"noopener\">Verein &#8220;Papatya&#8221; hilft ihnen. &#8220;Im schlimmsten Fall droht der Ehrenmord: Wie M\u00e4dchen in Berlin vor Zwangsehen fliehen&#8221;<\/a> von Laura Gaida<\/li>\n<li>ZITTY &#8211; 08.07.2018: <a href=\"https:\/\/www.zitty.de\/verreist-verschleppt-verheiratet\/\" target=\"_blank\" rel=\"noopener\">&#8220;Verreist, verschleppt, verheiratet&#8221;<\/a> von Jasna Zajcek<\/li>\n<li><span class=\"bold\">www.hilfetelefon.de<\/span> &#8211; 30.08.2017: <a href=\"https:\/\/www.hilfetelefon.de\/aktuelles\/sicherheit-und-anonymitaet-stehen-bei-uns-an-erster-stelle.html\" target=\"_blank\" rel=\"noopener\">\u201eSicherheit und Anonymit\u00e4t stehen bei uns an erster Stelle\u201d<\/a><\/li>\n<li><span class=\"bold\">S\u00fcddeutsche Zeitung<\/span> &#8211; 08.08.2016: <a href=\"https:\/\/papatya.org\/pdf\/ich bin so frei.pdf\" target=\"_blank\" rel=\"noopener\">\u201eIch bin so frei\u201d<\/a> von Thorsten Schmitz<\/li>\n<li><span class=\"bold\">NZZFOLIO<\/span> \u2013 November 2015: <a href=\"http:\/\/folio.nzz.ch\/2015\/november\/endlich-ich\" target=\"_blank\" rel=\"noopener\">\u201eEndlich ich\u201d<\/a> von Peter Haffner<\/li>\n<li><span class=\"bold\">Der Tagesspiegel<\/span> \u2013 07.02.2015: <a href=\"http:\/\/www.tagesspiegel.de\/berlin\/vor-zehn-jahren-starb-hatun-sueruecue-wenn-familienehre-toedlich-ist\/11334798.html\" target=\"_blank\" rel=\"noopener\">\u201eVor zehn Jahren starb Hatun S\u00fcr\u00fcc\u00fc Wenn Familienehre t\u00f6dlich ist\u201d<\/a> von <span class=\"ts-author\">Veronica Frenzel<\/span><\/li>\n<li><span class=\"bold\">Berliner Zeitung<\/span> \u2013 27.10.2013: <a href=\"http:\/\/www.berliner-zeitung.de\/berlin\/zwangsverheiratung--problemgebiete-sind-neukoelln--wedding-und-spandau-,10809148,24797298.html\" target=\"_blank\" rel=\"noopener\">\u201eProblemgebiete sind Neuk\u00f6lln, Wedding und Spandau\u201d<\/a><\/li>\n<li><span class=\"bold\">Funkhaus Europa<\/span> \u2013 17.03.2011: <a href=\"https:\/\/papatya.org\/bilder\/Zwangsheirat.mp3\" target=\"_blank\" rel=\"noopener\">\u201eRadiobeitrag zur Zwangsheirat\u201d<\/a><\/li>\n<li><span class=\"bold\">CHIEMSEE informiert <\/span>\u2013 Februar 2011: <a href=\"https:\/\/papatya.org\/pdf\/Chiemsee-informiert.pdf\" target=\"_blank\" rel=\"noopener\">\u201eGewalt im Namen der Ehre\u201d<\/a> von Katharina Sp\u00f6ttl und Karl Riepertinger<\/li>\n<li><span class=\"bold\">DW-World.de\/Deutsche Welle<\/span> \u2013 20.01.2011: <a href=\"https:\/\/papatya.org\/pdf\/Gesellschaft.pdf\" target=\"_blank\" rel=\"noopener\"> \u201eDas Berliner Weglaufhaus\u201d<\/a> von Svenja Pelzel<\/li>\n<li><span class=\"bold\">Spiegel Online<\/span> \u2013 03.01.2011: <a href=\"https:\/\/www.spiegel.de\/politik\/jetzt-bist-du-eine-hure-a-3e4320d3-0002-0001-0000-000076121047\" target=\"_blank\" rel=\"noopener\">\u201eJetzt bist du eine Hure\u201d<\/a><span class=\"bold\"> von G\u00fcner Balci<\/span><\/li>\n<li><span class=\"bold\">Diakonie Magazin<\/span> \u2013 2010: <a href=\"https:\/\/papatya.org\/pdf\/Diakonie.pdf\" target=\"_blank\" rel=\"noopener\">\u201eKeine Gewalt \u2013 Wenn M\u00e4dchen von zu Hause fliehen\u201d<\/a><\/li>\n<li><span class=\"bold\">Berliner Morgenpost<\/span> \u2013 28.10.2010: <a href=\"https:\/\/www.morgenpost.de\/politik\/article104787766\/Wie-eine-junge-Kurdin-vor-der-Zwangsehe-fluechtete.html\" target=\"_blank\" rel=\"noopener\">\u201eWie eine junge Kurdin vor der Zwangsehe fl\u00fcchtete\u201d<\/a> von <span class=\"author-info__name-text\">Anne Klesse<\/span><\/li>\n<li><span class=\"bold\">Berliner Morgenpost<\/span> \u2013 28.10.2010: <a href=\"https:\/\/www.morgenpost.de\/printarchiv\/seite3\/article104784396\/Irgendwann-waren-sie-nicht-mehr-brav.html\" target=\"_blank\" rel=\"noopener\">\u201eIrgendwann waren sie nicht mehr brav\u201d<\/a> von <span class=\"author-info__name-text\">Christine Eichelmann<\/span><\/li>\n<li><span class=\"bold\">BRAVO GIRL<\/span> \u2013 09.06.2009: <a href=\"https:\/\/papatya.org\/pdf\/Bravo-Juni-2006.pdf\" target=\"_blank\" rel=\"noopener\">\u201eWir verstecken uns vor unseren Familien!\u201d<\/a><\/li>\n<li><span class=\"bold\">Deutschlandradio Kultur<\/span> Reportage \u2013 21.09.2008:<a href=\"https:\/\/www.deutschlandfunkkultur.de\/papatya-heisst-kamille.1076.de.html?dram:article_id=175888\" target=\"_blank\" rel=\"noopener\"> \u201ePapatya hei\u00dft Kamille\u201d<\/a> von Svenja Pelzel<\/li>\n<li><span class=\"bold\">S\u00fcddeutsche Zeitung<\/span> Reportage \u2013 02.09.2008: <a href=\"https:\/\/papatya.org\/pdf\/Zwangsheirat.pdf\" target=\"_blank\" rel=\"noopener\">\u201eAuf der Flucht vor der eigenen Familie\u201d<\/a> von Laura Wei\u00dfm\u00fcller<\/li>\n<li><span class=\"bold\">Die Welt<\/span> \u2013 30.09.2007: <a href=\"https:\/\/www.welt.de\/politik\/article1224095\/Ich-denke-ich-werde-in-die-Hoelle-kommen.html\" target=\"_blank\" rel=\"noopener\">\u201eIch denke, ich werde in die H\u00f6lle kommen&#8221;<\/a> von <span class=\"c-author__by-line\">Elisalex Clary<\/span><\/li>\n<li><span class=\"bold\">Tagesspiegel<\/span> \u2013 31.07.2007: <a href=\"https:\/\/www.tagesspiegel.de\/berlin\/mein-vater-sagt-ich-bringe-dich-um\/1001074.html\" target=\"_blank\" rel=\"noopener\">\u201eMein Vater sagt: ich bringe dich um\u201d<\/a> von <span class=\"ts-author\">Annette K\u00f6gel<\/span><\/li>\n<li><span class=\"bold\">Newsweek <\/span>\u2013 27.03.2005: <a href=\"https:\/\/www.newsweek.com\/barbarians-within-114557\" target=\"_blank\" rel=\"noopener\">\u201eThe Barbarians Within\u201d<\/a> von <span class=\"author\"> Stefan Theil<\/span><\/li>\n<\/ul>\n<p>[\/vc_column_text][vc_empty_space empty_h=&#8221;2&#8243; desktop_visibility=&#8221;yes&#8221;][\/vc_column][vc_column column_width_percent=&#8221;100&#8243; gutter_size=&#8221;3&#8243; overlay_alpha=&#8221;50&#8243; shift_x=&#8221;0&#8243; shift_y=&#8221;0&#8243; shift_y_down=&#8221;0&#8243; z_index=&#8221;0&#8243; medium_width=&#8221;3&#8243; mobile_width=&#8221;0&#8243; width=&#8221;1\/3&#8243;][vc_single_image media=&#8221;357&#8243; media_width_use_pixel=&#8221;yes&#8221; media_width_pixel=&#8221;463&#8243;][\/vc_column][\/vc_row][vc_row row_height_percent=&#8221;0&#8243; overlay_alpha=&#8221;50&#8243; gutter_size=&#8221;3&#8243; column_width_percent=&#8221;100&#8243; shift_y=&#8221;0&#8243; z_index=&#8221;5&#8243; inverted_device_order=&#8221;yes&#8221; el_class=&#8221;graupapier&#8221; row_name=&#8221;auszeichnungen&#8221;][vc_column column_width_percent=&#8221;100&#8243; gutter_size=&#8221;3&#8243; overlay_alpha=&#8221;50&#8243; shift_x=&#8221;0&#8243; shift_y=&#8221;0&#8243; shift_y_down=&#8221;0&#8243; z_index=&#8221;0&#8243; medium_width=&#8221;3&#8243; mobile_width=&#8221;0&#8243; width=&#8221;1\/3&#8243;][vc_single_image media=&#8221;1130&#8243; media_width_percent=&#8221;100&#8243;][\/vc_column][vc_column column_width_percent=&#8221;100&#8243; gutter_size=&#8221;3&#8243; overlay_alpha=&#8221;50&#8243; shift_x=&#8221;0&#8243; shift_y=&#8221;0&#8243; shift_y_down=&#8221;0&#8243; z_index=&#8221;0&#8243; medium_width=&#8221;5&#8243; mobile_width=&#8221;0&#8243; width=&#8221;2\/3&#8243;][vc_column_text]<\/p>\n<h2><strong>Awards for our Work<\/strong><\/h2>\n<ul>\n<li>In 2019 PAPATYA received the <a href=\"\/pdf\/Preis.pdf\">Lothar-Kreyssig-Peace-Prize<\/a> from the Lothar-Kreyssig-Peace-Prize Foundation of the Protestant Church Group Magdeburg.<\/li>\n<li>In 2009 CorinnaTer-Nedden received the German Federal Service Cross (Bundesverdeinstkreuz) for her activities in the context of her work at PAPATYA<\/li>\n<li>In 2002 PAPATYA received the Berlin Prevention Prize from the Berlin State Commission against violence<\/li>\n<\/ul>\n<p>[\/vc_column_text][\/vc_column][\/vc_row]<\/p>\n<\/div>","protected":false},"excerpt":{"rendered":"<p>[vc_row row_height_percent=&#8221;0&#8243; override_padding=&#8221;yes&#8221; h_padding=&#8221;2&#8243; top_padding=&#8221;2&#8243; bottom_padding=&#8221;0&#8243; overlay_alpha=&#8221;50&#8243; gutter_size=&#8221;3&#8243; column_width_percent=&#8221;100&#8243; shift_y=&#8221;0&#8243; z_index=&#8221;10&#8243; medium_visibility=&#8221;yes&#8221; mobile_visibility=&#8221;yes&#8221; el_class=&#8221;papier&#8221; shape_dividers=&#8221;&#8221;][vc_column column_width_percent=&#8221;100&#8243; gutter_size=&#8221;3&#8243; overlay_alpha=&#8221;50&#8243; shift_x=&#8221;0&#8243; shift_y=&#8221;0&#8243; [&hellip;]<\/p>\n","protected":false},"author":3,"featured_media":1705,"parent":0,"menu_order":0,"comment_status":"closed","ping_status":"closed","template":"","meta":{"footnotes":""},"class_list":["post-2426","page","type-page","status-publish","has-post-thumbnail","hentry"],"_links":{"self":[{"href":"https:\/\/papatya.org\/en\/wp-json\/wp\/v2\/pages\/2426","targetHints":{"allow":["GET"]}}],"collection":[{"href":"https:\/\/papatya.org\/en\/wp-json\/wp\/v2\/pages"}],"about":[{"href":"https:\/\/papatya.org\/en\/wp-json\/wp\/v2\/types\/page"}],"author":[{"embeddable":true,"href":"https:\/\/papatya.org\/en\/wp-json\/wp\/v2\/users\/3"}],"replies":[{"embeddable":true,"href":"https:\/\/papatya.org\/en\/wp-json\/wp\/v2\/comments?post=2426"}],"version-history":[{"count":9,"href":"https:\/\/papatya.org\/en\/wp-json\/wp\/v2\/pages\/2426\/revisions"}],"predecessor-version":[{"id":3240,"href":"https:\/\/papatya.org\/en\/wp-json\/wp\/v2\/pages\/2426\/revisions\/3240"}],"wp:featuredmedia":[{"embeddable":true,"href":"https:\/\/papatya.org\/en\/wp-json\/wp\/v2\/media\/1705"}],"wp:attachment":[{"href":"https:\/\/papatya.org\/en\/wp-json\/wp\/v2\/media?parent=2426"}],"curies":[{"name":"wp","href":"https:\/\/api.w.org\/{rel}","templated":true}]}}