{"id":1959,"date":"2021-09-24T16:13:59","date_gmt":"2021-09-24T14:13:59","guid":{"rendered":"http:\/\/fresh.papatya.org\/?page_id=1959"},"modified":"2021-11-22T13:50:30","modified_gmt":"2021-11-22T12:50:30","slug":"papatya-startseite","status":"publish","type":"page","link":"https:\/\/papatya.org\/tr\/","title":{"rendered":"Papatya &#8211; Ana sayfa"},"content":{"rendered":"<div class=\"wpb-content-wrapper\"><p>[vc_row row_height_percent=&#8221;0&#8243; override_padding=&#8221;yes&#8221; h_padding=&#8221;2&#8243; top_padding=&#8221;2&#8243; bottom_padding=&#8221;2&#8243; overlay_alpha=&#8221;50&#8243; gutter_size=&#8221;3&#8243; column_width_percent=&#8221;100&#8243; shift_y=&#8221;0&#8243; z_index=&#8221;9&#8243; bottom_divider=&#8221;gradient&#8221; el_class=&#8221;liniertpapier&#8221;][vc_column column_width_percent=&#8221;100&#8243; gutter_size=&#8221;3&#8243; overlay_alpha=&#8221;50&#8243; shift_x=&#8221;0&#8243; shift_y=&#8221;0&#8243; shift_y_down=&#8221;0&#8243; z_index=&#8221;0&#8243; medium_width=&#8221;5&#8243; mobile_width=&#8221;0&#8243; width=&#8221;1\/2&#8243;][vc_column_text]<\/p>\n<h2><strong>Sundu\u011fumuz hizmetler\u2026 <\/strong><\/h2>\n<h4>Papatya, aile i\u00e7i \u015fiddet, zorla evlendirme ve yurtd\u0131\u015f\u0131na ka\u00e7\u0131rma durumlar\u0131nda koruma ve dan\u0131\u015fmanl\u0131k hizmeti sunmaktad\u0131r.<\/h4>\n<p>&nbsp;<\/p>\n<p>Anonim kriz evi PAPATYA, 13-21 ya\u015f aras\u0131 8 k\u0131z \u00e7ocu\u011fu ve gen\u00e7 kad\u0131na koruma sa\u011fl\u0131yor.<\/p>\n<div class=\"zettel-link clearfix rotate-1\"><a title=\"anonyme Kriseneinrichtung f\u00fcr M\u00e4dchen und junge Frauen mit Migrations- und Fluchtgeschichte\" href=\"\/tr\/anonim-kriz-evi-papatya\/\">K\u0131z \u00e7ocuklar\u0131 ve gen\u00e7 kad\u0131nlar i\u00e7in anonim kriz evi<\/a><\/div>\n<p>Online dan\u0131\u015fmanl\u0131k hizmeti SIBEL, k\u0131z \u00e7ocuklar\u0131na ve gen\u00e7 kad\u0131nlara, LGBTI*Q&#8217;lara, \u00e7iftlere ve \u00f6zel ve profesyonel yard\u0131mc\u0131lara dan\u0131\u015fmanl\u0131k yapmaktad\u0131r. Aile i\u00e7i \u015fiddet, kontrol ve zorla evlendirme ile ilgili konularda dan\u0131\u015fmanl\u0131k yap\u0131yoruz.<\/p>\n<div class=\"zettel-link clearfix rotate-2\"><a title=\"Onlineberatung bei famili\u00e4rer Gewalt und Zwangsverheiratung\" href=\"\/tr\/anonim-online-danismanlik\/\">Anonim online dan\u0131\u015fmanl\u0131k<\/a><\/div>\n<p>Zorla evlendirme ve ka\u00e7\u0131rmaya kar\u015f\u0131 koordinasyon merkezi olarak yurtd\u0131\u015f\u0131na ka\u00e7\u0131r\u0131lmaktan korkan herkese dan\u0131\u015fmanl\u0131k yap\u0131yoruz. Yurtd\u0131\u015f\u0131na ka\u00e7\u0131r\u0131lm\u0131\u015f veya orada al\u0131konulmu\u015f olanlar\u0131n Almanya&#8217;ya d\u00f6nmesi i\u00e7in destek veriyoruz.<\/p>\n<div class=\"zettel-link clearfix rotate-1\"><a title=\"Beratung und Koordinierung in F\u00e4llen von Verschleppung ins Ausland\" href=\"\/tr\/yurtdisina-kacirma-durumunda-danismanlik-ve-koordinasyon\/\">Yurtd\u0131\u015f\u0131na ka\u00e7\u0131rma durumunda dan\u0131\u015fmanl\u0131k ve koordinasyon<\/a><\/div>\n<p>[\/vc_column_text][\/vc_column][vc_column column_width_percent=&#8221;100&#8243; gutter_size=&#8221;3&#8243; overlay_alpha=&#8221;50&#8243; shift_x=&#8221;0&#8243; shift_y=&#8221;0&#8243; shift_y_down=&#8221;0&#8243; z_index=&#8221;0&#8243; medium_width=&#8221;3&#8243; mobile_width=&#8221;0&#8243; width=&#8221;1\/2&#8243;][vc_single_image media=&#8221;367&#8243; media_width_percent=&#8221;100&#8243;][\/vc_column][\/vc_row][vc_row row_height_percent=&#8221;0&#8243; overlay_alpha=&#8221;50&#8243; gutter_size=&#8221;3&#8243; column_width_percent=&#8221;100&#8243; shift_y=&#8221;0&#8243; z_index=&#8221;8&#8243; el_class=&#8221;graupapier&#8221;][vc_column column_width_percent=&#8221;100&#8243; gutter_size=&#8221;3&#8243; overlay_alpha=&#8221;50&#8243; shift_x=&#8221;0&#8243; shift_y=&#8221;0&#8243; shift_y_down=&#8221;0&#8243; z_index=&#8221;0&#8243; medium_width=&#8221;4&#8243; mobile_width=&#8221;0&#8243; width=&#8221;2\/3&#8243;][vc_column_text]<\/p>\n<div class=\"video-container\"><iframe src=\"https:\/\/www.youtube-nocookie.com\/embed\/VMXA9Eka43s?rel=0\" frameborder=\"0\" allowfullscreen=\"allowfullscreen\" data-mce-fragment=\"1\"><\/iframe><\/div>\n<div class=\"video-message\">\n<p id=\"tw-target-text\" class=\"tw-data-text tw-text-large tw-ta\" dir=\"ltr\" data-placeholder=\"\u00dcbersetzung\"><span class=\"Y2IQFc\" lang=\"tr\">Bu videoyu oynatarak YouTube&#8217;un gizlilik politikas\u0131n\u0131n \u015fartlar\u0131n\u0131 kabul etmi\u015f oluryorsunuz.<\/span><\/p>\n<\/div>\n<p>[\/vc_column_text][\/vc_column][vc_column column_width_percent=&#8221;100&#8243; gutter_size=&#8221;3&#8243; overlay_alpha=&#8221;50&#8243; shift_x=&#8221;0&#8243; shift_y=&#8221;0&#8243; shift_y_down=&#8221;0&#8243; z_index=&#8221;0&#8243; medium_width=&#8221;4&#8243; mobile_width=&#8221;0&#8243; width=&#8221;1\/3&#8243;][vc_column_text]<\/p>\n<h2><strong>#Yard\u0131m Al &#8211; zorla evlendirme ve <\/strong><strong>yurtd\u0131\u015f\u0131na <\/strong><strong>ka\u00e7\u0131rmaya kar\u015f\u0131 kampanya <\/strong><\/h2>\n<p>Ayd\u0131nlatma filmimiz #HolDirHilfe (#Yard\u0131m Al),\u00a0 zorla evlendirme ve yurtd\u0131\u015f\u0131na ka\u00e7\u0131rma riski alt\u0131nda olan herkesi zaman\u0131nda yard\u0131m almaya te\u015fvik ediyor. Jasmin&#8217;in hikayesini \u015fimdi izleyin!<\/p>\n<p>PAPATYA, y\u00f6netmen Gabriel B. Arranhio&#8217;ya, oyunculara, <a href=\"https:\/\/czar.de\/\">CZAR<\/a> ekibine, <a href=\"http:\/\/tuerkiyemspor.de\/\">T\u00fcrkiyemspor Berlin e.V<\/a>&#8216;den futbolculara ve <a href=\"https:\/\/www.heroes-net.de\/\">HEROES Berlin<\/a>&#8216;e kat\u0131l\u0131mlar\u0131ndan dolay\u0131 te\u015fekk\u00fcr eder.[\/vc_column_text][\/vc_column][\/vc_row]<\/p>\n<\/div>","protected":false},"excerpt":{"rendered":"<p>[vc_row row_height_percent=&#8221;0&#8243; override_padding=&#8221;yes&#8221; h_padding=&#8221;2&#8243; top_padding=&#8221;2&#8243; bottom_padding=&#8221;2&#8243; overlay_alpha=&#8221;50&#8243; gutter_size=&#8221;3&#8243; column_width_percent=&#8221;100&#8243; shift_y=&#8221;0&#8243; z_index=&#8221;9&#8243; bottom_divider=&#8221;gradient&#8221; el_class=&#8221;liniertpapier&#8221;][vc_column column_width_percent=&#8221;100&#8243; gutter_size=&#8221;3&#8243; overlay_alpha=&#8221;50&#8243; shift_x=&#8221;0&#8243; shift_y=&#8221;0&#8243; shift_y_down=&#8221;0&#8243; z_index=&#8221;0&#8243; [&hellip;]<\/p>\n","protected":false},"author":1,"featured_media":0,"parent":0,"menu_order":0,"comment_status":"closed","ping_status":"closed","template":"","meta":{"footnotes":""},"class_list":["post-1959","page","type-page","status-publish","hentry"],"_links":{"self":[{"href":"https:\/\/papatya.org\/tr\/wp-json\/wp\/v2\/pages\/1959","targetHints":{"allow":["GET"]}}],"collection":[{"href":"https:\/\/papatya.org\/tr\/wp-json\/wp\/v2\/pages"}],"about":[{"href":"https:\/\/papatya.org\/tr\/wp-json\/wp\/v2\/types\/page"}],"author":[{"embeddable":true,"href":"https:\/\/papatya.org\/tr\/wp-json\/wp\/v2\/users\/1"}],"replies":[{"embeddable":true,"href":"https:\/\/papatya.org\/tr\/wp-json\/wp\/v2\/comments?post=1959"}],"version-history":[{"count":16,"href":"https:\/\/papatya.org\/tr\/wp-json\/wp\/v2\/pages\/1959\/revisions"}],"predecessor-version":[{"id":3248,"href":"https:\/\/papatya.org\/tr\/wp-json\/wp\/v2\/pages\/1959\/revisions\/3248"}],"wp:attachment":[{"href":"https:\/\/papatya.org\/tr\/wp-json\/wp\/v2\/media?parent=1959"}],"curies":[{"name":"wp","href":"https:\/\/api.w.org\/{rel}","templated":true}]}}