{"id":2720,"date":"2021-10-30T18:27:26","date_gmt":"2021-10-30T16:27:26","guid":{"rendered":"https:\/\/fresh.papatya.org\/?page_id=2720"},"modified":"2021-11-22T14:06:15","modified_gmt":"2021-11-22T13:06:15","slug":"anonim-kriz-evi-papatya","status":"publish","type":"page","link":"https:\/\/papatya.org\/tr\/anonim-kriz-evi-papatya\/","title":{"rendered":"Anonim kriz evi PAPATYA"},"content":{"rendered":"<div class=\"wpb-content-wrapper\"><p>[vc_row row_height_percent=&#8221;0&#8243; override_padding=&#8221;yes&#8221; h_padding=&#8221;2&#8243; top_padding=&#8221;2&#8243; bottom_padding=&#8221;2&#8243; overlay_alpha=&#8221;50&#8243; gutter_size=&#8221;3&#8243; column_width_percent=&#8221;100&#8243; shift_y=&#8221;0&#8243; z_index=&#8221;10&#8243; bottom_divider=&#8221;gradient&#8221; el_class=&#8221;papier&#8221;][vc_column column_width_percent=&#8221;100&#8243; gutter_size=&#8221;0&#8243; override_padding=&#8221;yes&#8221; column_padding=&#8221;0&#8243; overlay_alpha=&#8221;50&#8243; shift_x=&#8221;0&#8243; shift_y=&#8221;0&#8243; shift_y_down=&#8221;0&#8243; z_index=&#8221;0&#8243; medium_width=&#8221;4&#8243; mobile_width=&#8221;0&#8243; width=&#8221;1\/1&#8243;][vc_row_inner][vc_column_inner width=&#8221;1\/2&#8243;][vc_column_text]<\/p>\n<h2><strong>Anonim kriz evi <\/strong><strong>PAPATYA <\/strong><\/h2>\n<p>[\/vc_column_text][\/vc_column_inner][vc_column_inner width=&#8221;1\/2&#8243;][\/vc_column_inner][\/vc_row_inner][vc_row_inner][vc_column_inner column_width_percent=&#8221;100&#8243; gutter_size=&#8221;3&#8243; overlay_alpha=&#8221;50&#8243; shift_x=&#8221;0&#8243; shift_y=&#8221;0&#8243; shift_y_down=&#8221;0&#8243; z_index=&#8221;0&#8243; medium_width=&#8221;5&#8243; mobile_width=&#8221;0&#8243; width=&#8221;1\/2&#8243;][vc_column_text]K\u0131z \u00e7ocuklar ve gen\u00e7 kad\u0131nlar bir ge\u00e7i\u015f d\u00f6nemi s\u00fcresince PAPATYA\u2019da birlikte ya\u015farlar. Ama\u00e7, her biri i\u00e7in,\u00a0 onlarla birlikte uzun vadeli ve g\u00fcvenli ya\u015fam perspektifi geli\u015ftirmektir. Geni\u015f kriz evimizde tek, \u00e7ift ve \u00fc\u00e7 ki\u015filik odalar bulunmaktad\u0131r. G\u0131da, kozmetik ve giyim gibi temel ihtiya\u00e7lar sa\u011flanmaktad\u0131r.<\/p>\n<p>&nbsp;<\/p>\n<div class=\"zettel-link clearfix rotate-0\" style=\"text-align: left;\"><a title=\"Lies dir jetzt den Tagesablauf bei PAPATYA durch\" href=\"\/tr\/papatyada-bir-guen\/\">\u015eimdi Papatya&#8217;da bir g\u00fcn\u00fcn ak\u0131\u015f\u0131n\u0131 oku<\/a><\/div>\n<p>[\/vc_column_text][\/vc_column_inner][vc_column_inner column_width_percent=&#8221;100&#8243; gutter_size=&#8221;3&#8243; overlay_alpha=&#8221;50&#8243; shift_x=&#8221;0&#8243; shift_y=&#8221;0&#8243; shift_y_down=&#8221;0&#8243; z_index=&#8221;0&#8243; medium_width=&#8221;3&#8243; mobile_width=&#8221;0&#8243; width=&#8221;1\/2&#8243;][vc_column_text]<\/p>\n<h4>En \u00f6nemli bilgiler<\/h4>\n<ul>\n<li>korumal\u0131 adres<\/li>\n<li>13-21 ya\u015f aras\u0131 k\u0131zlar i\u00e7in 8 yatakl\u0131 yer<\/li>\n<li>7 g\u00fcn 24 saat destek<\/li>\n<li>\u00c7ocuk ve Gen\u00e7lik Koruma Yasas\u0131\u2019n\u0131n (KJHG) 42. veya maddesine g\u00f6re kriz evine kabul<\/li>\n<li>Acil bir durumda kriz evine hemen almak m\u00fcmk\u00fcn<\/li>\n<li>Berlinli k\u0131zlar i\u00e7in \u00fccretsiz (<a href=\"#finansman\">sabit finansman<\/a>)<\/li>\n<\/ul>\n<h4>\u0130leti\u015fim<\/h4>\n<ul>\n<li><a href=\"mailto:info@papatya.org\">info@papatya.org<\/a><\/li>\n<li>Berliner Jugendnotdienst<br \/>\n+ 49 (0) 30 61 00 62 (PAPATYA&#8217;n\u0131n sizi geri aramas\u0131n\u0131 isteyin<\/li>\n<\/ul>\n<p>[\/vc_column_text][\/vc_column_inner][\/vc_row_inner][\/vc_column][\/vc_row][vc_row row_height_percent=&#8221;0&#8243; override_padding=&#8221;yes&#8221; h_padding=&#8221;2&#8243; top_padding=&#8221;2&#8243; bottom_padding=&#8221;2&#8243; overlay_alpha=&#8221;50&#8243; gutter_size=&#8221;3&#8243; column_width_percent=&#8221;100&#8243; shift_y=&#8221;0&#8243; z_index=&#8221;8&#8243; el_class=&#8221;graupapier&#8221; row_name=&#8221;finansman&#8221;][vc_column column_width_percent=&#8221;100&#8243; gutter_size=&#8221;3&#8243; overlay_alpha=&#8221;50&#8243; shift_x=&#8221;0&#8243; shift_y=&#8221;0&#8243; shift_y_down=&#8221;0&#8243; z_index=&#8221;0&#8243; medium_width=&#8221;5&#8243; mobile_width=&#8221;0&#8243; width=&#8221;1\/2&#8243;][vc_column_text]<\/p>\n<h2><strong>Finansman<\/strong><\/h2>\n<p>[\/vc_column_text][vc_column_text]PAPATYA tan\u0131nm\u0131\u015f bir gen\u00e7lik yard\u0131m kurulu\u015fudur.<\/p>\n<p>Bir tehdit durumunda derhal kabul edilmeyi sa\u011flamak i\u00e7in, Berlin&#8217;den k\u0131z ve gen\u00e7 kad\u0131nlar\u0131n PAPATYA&#8217;da kalmalar\u0131, Berlin&#8217;deki Senato E\u011fitim, Gen\u00e7lik ve Aile Dairesi taraf\u0131ndan finanse edilmektedir ve Gen\u00e7lik Koruma Daireleri i\u00e7in herhangi bir masraf yoktur. Berlin d\u0131\u015f\u0131ndan, Almanya\u2019n\u0131n ba\u015fka bir yerinden ba\u015fvuru durumunda, masraflar\u00a0 sorumlu Gen\u00e7lik Dairesine taraf\u0131m\u0131zdan fatura edilmektedir. \u00a0Gen\u00e7 yeti\u015fkinler i\u00e7in, masraflar\u0131n hangi mercii taraf\u0131ndan kar\u015f\u0131lanaca\u011f\u0131,\u00a0 kriz evimize kabul edildikten sonra da netle\u015ftirilebilir. Sosyal Kanun&#8217;un VIII. Kitab\u0131n\u0131n 34. Maddesi veya 41. Maddesi uyar\u0131nca gen\u00e7lerin korunmas\u0131 amac\u0131yla kriz evi sonras\u0131 destek, ilgili masraf\u0131 \u00fcstlenen daire ile g\u00f6r\u00fc\u015f\u00fclecektir. Kriz evinin finansman\u0131n\u0131n bir k\u0131sm\u0131 ba\u011f\u0131\u015flardan gelmektedir. \u00c7al\u0131\u015fmalar\u0131m\u0131za destek olmak istiyorsan\u0131z <a href=\"\/tr\/bagisiniz-yardimci-olur\/\">hemen ba\u011f\u0131\u015f yap\u0131n.<\/a>[\/vc_column_text][\/vc_column][vc_column column_width_percent=&#8221;100&#8243; position_vertical=&#8221;middle&#8221; gutter_size=&#8221;3&#8243; overlay_alpha=&#8221;50&#8243; shift_x=&#8221;0&#8243; shift_y=&#8221;0&#8243; shift_y_down=&#8221;0&#8243; z_index=&#8221;0&#8243; medium_width=&#8221;3&#8243; mobile_width=&#8221;0&#8243; width=&#8221;1\/2&#8243;][vc_single_image media=&#8221;1149&#8243; media_width_percent=&#8221;32&#8243; alignment=&#8221;center&#8221;][\/vc_column][\/vc_row]<\/p>\n<\/div>","protected":false},"excerpt":{"rendered":"<p>[vc_row row_height_percent=&#8221;0&#8243; override_padding=&#8221;yes&#8221; h_padding=&#8221;2&#8243; top_padding=&#8221;2&#8243; bottom_padding=&#8221;2&#8243; overlay_alpha=&#8221;50&#8243; gutter_size=&#8221;3&#8243; column_width_percent=&#8221;100&#8243; shift_y=&#8221;0&#8243; z_index=&#8221;10&#8243; bottom_divider=&#8221;gradient&#8221; el_class=&#8221;papier&#8221;][vc_column column_width_percent=&#8221;100&#8243; gutter_size=&#8221;0&#8243; override_padding=&#8221;yes&#8221; column_padding=&#8221;0&#8243; overlay_alpha=&#8221;50&#8243; shift_x=&#8221;0&#8243; shift_y=&#8221;0&#8243; [&hellip;]<\/p>\n","protected":false},"author":3,"featured_media":0,"parent":0,"menu_order":0,"comment_status":"closed","ping_status":"closed","template":"","meta":{"footnotes":""},"class_list":["post-2720","page","type-page","status-publish","hentry"],"_links":{"self":[{"href":"https:\/\/papatya.org\/tr\/wp-json\/wp\/v2\/pages\/2720","targetHints":{"allow":["GET"]}}],"collection":[{"href":"https:\/\/papatya.org\/tr\/wp-json\/wp\/v2\/pages"}],"about":[{"href":"https:\/\/papatya.org\/tr\/wp-json\/wp\/v2\/types\/page"}],"author":[{"embeddable":true,"href":"https:\/\/papatya.org\/tr\/wp-json\/wp\/v2\/users\/3"}],"replies":[{"embeddable":true,"href":"https:\/\/papatya.org\/tr\/wp-json\/wp\/v2\/comments?post=2720"}],"version-history":[{"count":12,"href":"https:\/\/papatya.org\/tr\/wp-json\/wp\/v2\/pages\/2720\/revisions"}],"predecessor-version":[{"id":3254,"href":"https:\/\/papatya.org\/tr\/wp-json\/wp\/v2\/pages\/2720\/revisions\/3254"}],"wp:attachment":[{"href":"https:\/\/papatya.org\/tr\/wp-json\/wp\/v2\/media?parent=2720"}],"curies":[{"name":"wp","href":"https:\/\/api.w.org\/{rel}","templated":true}]}}