{"id":2727,"date":"2021-10-30T18:35:16","date_gmt":"2021-10-30T16:35:16","guid":{"rendered":"https:\/\/fresh.papatya.org\/?page_id=2727"},"modified":"2021-11-16T13:10:40","modified_gmt":"2021-11-16T12:10:40","slug":"papatyaya-geldigimin-sonrasinda-neler-olur","status":"publish","type":"page","link":"https:\/\/papatya.org\/tr\/papatyaya-geldigimin-sonrasinda-neler-olur\/","title":{"rendered":"PAPATYA\u2019ya geldi\u011fimin sonras\u0131nda neler olur?"},"content":{"rendered":"<div class=\"wpb-content-wrapper\"><p>[vc_row row_height_percent=&#8221;0&#8243; overlay_alpha=&#8221;50&#8243; gutter_size=&#8221;3&#8243; column_width_percent=&#8221;100&#8243; shift_y=&#8221;0&#8243; z_index=&#8221;0&#8243; el_class=&#8221;papier&#8221;][vc_column width=&#8221;1\/2&#8243;][vc_column_text]<\/p>\n<h2><strong>PAPATYA<\/strong><strong>\u2019ya geldi\u011fimin sonras\u0131nda neler olur?<\/strong><\/h2>\n<p>PAPATYA&#8217;da tehdit ve zulme kar\u015f\u0131 koruma bulacaks\u0131n. G\u00fcvenli dairede kimse seni bulamaz ve burada \u00f6nce kendine gelebilir, sakinle\u015febilirsin. PAPATYA \u00e7al\u0131\u015fanlar\u0131 seninle birlikte senin durumuna uygun bir \u00e7\u00f6z\u00fcm arayacakt\u0131r. PAPATYA, gen\u00e7lik dairesi veya di\u011fer yetkili makamlarla birlikte \u00e7al\u0131\u015f\u0131r.<\/p>\n<p>\u00c7\u00f6z\u00fcm, her ba\u015fvuran ve yard\u0131m alan ki\u015fi i\u00e7in farkl\u0131 olabilir: Denetimli bir ortak ya\u015fam evi (Wohngemeinschaft) ve denetimli bireysel bir daireye (einzelbetreute Wohnung) yerle\u015fmek m\u00fcmk\u00fcnd\u00fcr. Sen istedi\u011finde, anne babana veya di\u011fer aile \u00fcyelerine geri d\u00f6nmen de d\u00fc\u015f\u00fcn\u00fclebilinir. Bazen aileden korunmak i\u00e7in ba\u015fka bir \u015fehre ta\u015f\u0131nmak gerekebilir.<\/p>\n<p>Kriz evinde sa\u011fl\u0131k, ikamet, okul ve e\u011fitim ile ilgili t\u00fcm konularda dan\u0131\u015fmanl\u0131k ve destek alabilirsin. H\u00e2l\u00e2 takip ediliyorsan, \u00e7al\u0131\u015fanlar\u0131m\u0131z sana ait bilgileri engelleme ve gizleme konusunda sana destek verecektir.<\/p>\n<p>[\/vc_column_text][\/vc_column][vc_column width=&#8221;1\/2&#8243;][vc_single_image media=&#8221;538&#8243; media_width_percent=&#8221;100&#8243;][\/vc_column][\/vc_row]<\/p>\n<\/div>","protected":false},"excerpt":{"rendered":"<p>[vc_row row_height_percent=&#8221;0&#8243; overlay_alpha=&#8221;50&#8243; gutter_size=&#8221;3&#8243; column_width_percent=&#8221;100&#8243; shift_y=&#8221;0&#8243; z_index=&#8221;0&#8243; el_class=&#8221;papier&#8221;][vc_column width=&#8221;1\/2&#8243;][vc_column_text] PAPATYA\u2019ya geldi\u011fimin sonras\u0131nda neler olur? PAPATYA&#8217;da tehdit ve zulme kar\u015f\u0131 koruma [&hellip;]<\/p>\n","protected":false},"author":3,"featured_media":2285,"parent":0,"menu_order":0,"comment_status":"closed","ping_status":"closed","template":"","meta":{"footnotes":""},"class_list":["post-2727","page","type-page","status-publish","has-post-thumbnail","hentry"],"_links":{"self":[{"href":"https:\/\/papatya.org\/tr\/wp-json\/wp\/v2\/pages\/2727","targetHints":{"allow":["GET"]}}],"collection":[{"href":"https:\/\/papatya.org\/tr\/wp-json\/wp\/v2\/pages"}],"about":[{"href":"https:\/\/papatya.org\/tr\/wp-json\/wp\/v2\/types\/page"}],"author":[{"embeddable":true,"href":"https:\/\/papatya.org\/tr\/wp-json\/wp\/v2\/users\/3"}],"replies":[{"embeddable":true,"href":"https:\/\/papatya.org\/tr\/wp-json\/wp\/v2\/comments?post=2727"}],"version-history":[{"count":3,"href":"https:\/\/papatya.org\/tr\/wp-json\/wp\/v2\/pages\/2727\/revisions"}],"predecessor-version":[{"id":2932,"href":"https:\/\/papatya.org\/tr\/wp-json\/wp\/v2\/pages\/2727\/revisions\/2932"}],"wp:featuredmedia":[{"embeddable":true,"href":"https:\/\/papatya.org\/tr\/wp-json\/wp\/v2\/media\/2285"}],"wp:attachment":[{"href":"https:\/\/papatya.org\/tr\/wp-json\/wp\/v2\/media?parent=2727"}],"curies":[{"name":"wp","href":"https:\/\/api.w.org\/{rel}","templated":true}]}}