{"id":2735,"date":"2021-10-30T18:41:52","date_gmt":"2021-10-30T16:41:52","guid":{"rendered":"https:\/\/fresh.papatya.org\/?page_id=2735"},"modified":"2021-11-15T11:11:30","modified_gmt":"2021-11-15T10:11:30","slug":"eski-sakinlerin-sesleri","status":"publish","type":"page","link":"https:\/\/papatya.org\/tr\/eski-sakinlerin-sesleri\/","title":{"rendered":"Eski sakinlerin sesleri"},"content":{"rendered":"<div class=\"wpb-content-wrapper\"><p>[vc_row row_height_percent=&#8221;0&#8243; overlay_alpha=&#8221;50&#8243; gutter_size=&#8221;3&#8243; column_width_percent=&#8221;100&#8243; shift_y=&#8221;0&#8243; z_index=&#8221;10&#8243; inverted_device_order=&#8221;yes&#8221; el_class=&#8221;papier&#8221;][vc_column width=&#8221;1\/2&#8243;][vc_single_image media=&#8221;477&#8243; media_width_percent=&#8221;100&#8243;][\/vc_column][vc_column width=&#8221;1\/2&#8243;][vc_column_text]<\/p>\n<h2>Eski sakinlerin sesleri<\/h2>\n<blockquote><p>PAPATYA&#8217;da ge\u00e7irdi\u011fim aylar benim hayat\u0131mda en \u00e7ok yard\u0131mc\u0131 aylar oldu. \u0130lk ba\u015flarda utanga\u00e7t\u0131m, ama burada kendime g\u00fcvenim geldi ve di\u011fer y\u00f6nlerimin fark\u0131na vard\u0131m ve g\u00f6sterebildim.<\/p><\/blockquote>\n<p><em>Edita, 17 ya\u015f\u0131nda<br \/>\n<\/em><\/p>\n<blockquote><p>Size ilk geldi\u011fim g\u00fcnden itibaren, sanki buras\u0131 ikinci evimmi\u015f gibi kendimi hemen rahat hissettim ve ger\u00e7ekten \u00f6yleydi. Kendimi olmas\u0131 gerekti\u011fi gibi bir ailede hissetim, halbuki b\u00f6yle bir aileye hi\u00e7 sahip olamam\u0131\u015ft\u0131m. Birine ihtiyac\u0131m oldu\u011funda hep yan\u0131mdayd\u0131n\u0131z.<\/p><\/blockquote>\n<p><em>Elif, 15 ya\u015f\u0131nda<br \/>\n<\/em><\/p>\n<blockquote><p>Toplamda 2 aydan biraz fazla PAPATYA\u2019da kald\u0131m. Ne kadar de\u011fi\u015fti\u011fimi s\u00f6ylemem gerekseydi, daha g\u00fc\u00e7l\u00fc, daha sab\u0131rl\u0131 ve daha \u00f6zg\u00fcr oldum derdim. Gelecek i\u00e7in umudum, bir g\u00fcn benim k\u00fclt\u00fcr\u00fcmdeki kad\u0131n imaj\u0131n\u0131 de\u011fi\u015ftirebilmek. PAPATYA&#8217;da kad\u0131nlar\u0131n her \u015feyi yapabilece\u011fini \u00f6\u011frendim!<\/p><\/blockquote>\n<p><em>Yasmin, 16 ya\u015f\u0131nda<br \/>\n<\/em>[\/vc_column_text][\/vc_column][\/vc_row][vc_row row_height_percent=&#8221;0&#8243; overlay_alpha=&#8221;50&#8243; gutter_size=&#8221;3&#8243; column_width_percent=&#8221;100&#8243; shift_y=&#8221;0&#8243; z_index=&#8221;9&#8243; el_class=&#8221;graupapier&#8221;][vc_column width=&#8221;1\/2&#8243;][vc_column_text]<\/p>\n<h2><strong>Benim hayat\u0131m, benim yolum <\/strong><\/h2>\n<p>PAPATYA, 35 y\u0131l\u0131 a\u015fk\u0131n s\u00fcredir acil durumlarda k\u0131z \u00e7ocuklar\u0131na ve gen\u00e7 kad\u0131nlara destek veriyor. PAPATYA&#8217;dan ayr\u0131ld\u0131ktan sonra onlara ne oldu\u011funu s\u0131k s\u0131k merak etmi\u015fizdir. Bu y\u00fczden eski sakinlere PAPATYA&#8217;dan sonra i\u015flerin nas\u0131l gitti\u011fini sormaya ba\u015flad\u0131k. Oradan \u201cBenim Hayat\u0131m, benim yolum. Cesaret veren hikayeler\u201d ortaya \u00e7\u0131kt\u0131. \u201cBenim Hayat\u0131m, benim yolum\u201d s\u00f6z\u00fc, \u00f6zg\u00fcrl\u00fck arzusu i\u00e7in \u00e7ok \u015feyi g\u00f6ze alm\u0131\u015f alt\u0131 gen\u00e7 kad\u0131na s\u00f6z veriyor. Hepsi ailelerinden ayr\u0131lmak zorunda kald\u0131lar ve \u015fimdi kendileri i\u00e7in se\u00e7tikleri hayat\u0131 ya\u015f\u0131yorlar. <strong>Deneyimlerini, ini\u015f \u00e7\u0131k\u0131\u015flar\u0131n\u0131 a\u00e7\u0131k\u00e7a payla\u015fmam\u0131za izin veriyorlar <\/strong>ve \u00f6nlerinde h\u00e2l\u00e2 bu yol duran herkesi te\u015fvik etmek istiyorlar.<\/p>\n<p><a href=\"\/infomaterial\/\">Kitab\u0131 pdf olarak buradan indirin.<\/a>[\/vc_column_text][\/vc_column][vc_column width=&#8221;1\/2&#8243;][vc_single_image media=&#8221;1137&#8243; media_width_percent=&#8221;100&#8243;][\/vc_column][\/vc_row][vc_row row_height_percent=&#8221;0&#8243; overlay_alpha=&#8221;50&#8243; gutter_size=&#8221;3&#8243; column_width_percent=&#8221;100&#8243; shift_y=&#8221;0&#8243; z_index=&#8221;8&#8243; inverted_device_order=&#8221;yes&#8221; el_class=&#8221;liniertpapier&#8221;][vc_column width=&#8221;1\/2&#8243;][vc_single_image media=&#8221;1163&#8243; media_width_percent=&#8221;100&#8243;][\/vc_column][vc_column width=&#8221;1\/2&#8243;][vc_column_text]<\/p>\n<h2><strong>Eski sakinlerin kitaplar\u0131 <\/strong><\/h2>\n<p>Baz\u0131 eski PAPATYA sakinleri de hikayelerini kendileri yaz\u0131p kitap haline getirdiler. Size a\u015fa\u011f\u0131daki iki kitab\u0131 \u00f6nermek istiyoruz:<\/p>\n<p>2016 y\u0131l\u0131nda yay\u0131nlanan &#8220;Ben Ba\u015fka Biriyim&#8221; kitab\u0131nda &#8220;Dilan \u015e.&#8221; \u015fiddet uygulayan ailesinden \u00f6zg\u00fcrl\u00fc\u011fe giden yol hakk\u0131nda yaz\u0131yor. Dilan, hikayesiyle di\u011fer gen\u00e7 kad\u0131nlar\u0131 \u00f6zg\u00fcrl\u00fckleri i\u00e7in m\u00fccadeleye te\u015fvik etmek istiyor. Kitap hakk\u0131nda daha fazla bilgiyi ve bir okuma \u00f6rne\u011fini <a href=\"https:\/\/www.piper.de\/buecher\/ich-bin-eine-andere-isbn-978-3-492-97537-7-ebook\">PIPER Verlag<\/a> web sitesinde bulabilirsiniz.<\/p>\n<p>Eski bir sakin, \u201cAyse\u201d ismiyle, zorla evlendirilmeden kendi kaderini tayin etti\u011fi bir hayata ka\u00e7\u0131\u015f\u0131n\u0131 anonim olarak anlat\u0131yor. Kitab\u0131n ad\u0131 &#8220;Scheherazade&#8217;nin K\u0131z\u0131&#8221; ve daha fazla bilgiyi bulabilece\u011finiz <a href=\"http:\/\/www.ullsteinbuchverlage.de\/nc\/buch\/details\/scheherazades-tochter-9783548364841.html\">Ullstein Verlag<\/a> taraf\u0131ndan 2004 y\u0131l\u0131nda yay\u0131nland\u0131.[\/vc_column_text][\/vc_column][\/vc_row]<\/p>\n<\/div>","protected":false},"excerpt":{"rendered":"<p>[vc_row row_height_percent=&#8221;0&#8243; overlay_alpha=&#8221;50&#8243; gutter_size=&#8221;3&#8243; column_width_percent=&#8221;100&#8243; shift_y=&#8221;0&#8243; z_index=&#8221;10&#8243; inverted_device_order=&#8221;yes&#8221; el_class=&#8221;papier&#8221;][vc_column width=&#8221;1\/2&#8243;][vc_single_image media=&#8221;477&#8243; media_width_percent=&#8221;100&#8243;][\/vc_column][vc_column width=&#8221;1\/2&#8243;][vc_column_text] Eski sakinlerin sesleri PAPATYA&#8217;da ge\u00e7irdi\u011fim aylar benim [&hellip;]<\/p>\n","protected":false},"author":3,"featured_media":2341,"parent":0,"menu_order":0,"comment_status":"closed","ping_status":"closed","template":"","meta":{"footnotes":""},"class_list":["post-2735","page","type-page","status-publish","has-post-thumbnail","hentry"],"_links":{"self":[{"href":"https:\/\/papatya.org\/tr\/wp-json\/wp\/v2\/pages\/2735","targetHints":{"allow":["GET"]}}],"collection":[{"href":"https:\/\/papatya.org\/tr\/wp-json\/wp\/v2\/pages"}],"about":[{"href":"https:\/\/papatya.org\/tr\/wp-json\/wp\/v2\/types\/page"}],"author":[{"embeddable":true,"href":"https:\/\/papatya.org\/tr\/wp-json\/wp\/v2\/users\/3"}],"replies":[{"embeddable":true,"href":"https:\/\/papatya.org\/tr\/wp-json\/wp\/v2\/comments?post=2735"}],"version-history":[{"count":9,"href":"https:\/\/papatya.org\/tr\/wp-json\/wp\/v2\/pages\/2735\/revisions"}],"predecessor-version":[{"id":2908,"href":"https:\/\/papatya.org\/tr\/wp-json\/wp\/v2\/pages\/2735\/revisions\/2908"}],"wp:featuredmedia":[{"embeddable":true,"href":"https:\/\/papatya.org\/tr\/wp-json\/wp\/v2\/media\/2341"}],"wp:attachment":[{"href":"https:\/\/papatya.org\/tr\/wp-json\/wp\/v2\/media?parent=2735"}],"curies":[{"name":"wp","href":"https:\/\/api.w.org\/{rel}","templated":true}]}}