{"id":2751,"date":"2021-10-30T19:11:45","date_gmt":"2021-10-30T17:11:45","guid":{"rendered":"https:\/\/fresh.papatya.org\/?page_id=2751"},"modified":"2021-10-30T19:15:13","modified_gmt":"2021-10-30T17:15:13","slug":"iletisim","status":"publish","type":"page","link":"https:\/\/papatya.org\/tr\/iletisim\/","title":{"rendered":"\u0130leti\u015fim"},"content":{"rendered":"<div class=\"wpb-content-wrapper\"><p>[vc_row row_height_percent=&#8221;0&#8243; override_padding=&#8221;yes&#8221; h_padding=&#8221;2&#8243; top_padding=&#8221;2&#8243; bottom_padding=&#8221;2&#8243; overlay_alpha=&#8221;50&#8243; gutter_size=&#8221;3&#8243; column_width_percent=&#8221;100&#8243; shift_y=&#8221;0&#8243; z_index=&#8221;0&#8243; el_class=&#8221;papier&#8221;][vc_column column_width_percent=&#8221;100&#8243; gutter_size=&#8221;0&#8243; overlay_alpha=&#8221;50&#8243; shift_x=&#8221;0&#8243; shift_y=&#8221;0&#8243; shift_y_down=&#8221;0&#8243; z_index=&#8221;0&#8243; medium_width=&#8221;0&#8243; mobile_width=&#8221;0&#8243; width=&#8221;2\/3&#8243;][vc_column_text]<\/p>\n<h2><strong>\u0130leti\u015fim<\/strong><\/h2>\n<p>PAPATYA&#8217;n\u0131n adresi gizlidir. Bu nedenle bize ancak Berlin Gen\u00e7lik Acil Servisi (Jugendnotdienst) arac\u0131l\u0131\u011f\u0131yla ula\u015f\u0131labiliyor.<\/p>\n<p>PAPATYA<br \/>\n\u2105 Jugendnotdienst<br \/>\nMindener Str. 14<br \/>\n10589 Berlin<\/p>\n<h4><strong>Bizi telefon dan\u0131\u015fmanl\u0131\u011f\u0131 i\u00e7in arayabilirsin:<\/strong><\/h4>\n<ul>\n<li>Telefon dan\u0131\u015fmanl\u0131\u011f\u0131 her g\u00fcn sabah 9&#8217;dan ak\u015fam 9&#8217;a kadar m\u00fcmk\u00fcnd\u00fcr. Bir telefon numaras\u0131 ve isim b\u0131rak ve Papatya&#8217;dan seni geri aramas\u0131n\u0131 iste.<br \/>\nJugendnotdienst (Gen\u00e7lik acil servisi): +49 (0) 30-610062<\/li>\n<\/ul>\n<h4><strong>Online dan\u0131\u015fmanl\u0131k sunuyoruz:<\/strong><\/h4>\n<ul>\n<li>Sorular\u0131n i\u00e7in <a href=\"mailto:info@papatya.org\">info@papatya.org<\/a> ile diledi\u011fin zaman do\u011frudan ileti\u015fime ge\u00e7ebilirsin.<\/li>\n<\/ul>\n<p>[\/vc_column_text][\/vc_column][vc_column width=&#8221;1\/3&#8243;][\/vc_column][\/vc_row]<\/p>\n<\/div>","protected":false},"excerpt":{"rendered":"<p>[vc_row row_height_percent=&#8221;0&#8243; override_padding=&#8221;yes&#8221; h_padding=&#8221;2&#8243; top_padding=&#8221;2&#8243; bottom_padding=&#8221;2&#8243; overlay_alpha=&#8221;50&#8243; gutter_size=&#8221;3&#8243; column_width_percent=&#8221;100&#8243; shift_y=&#8221;0&#8243; z_index=&#8221;0&#8243; el_class=&#8221;papier&#8221;][vc_column column_width_percent=&#8221;100&#8243; gutter_size=&#8221;0&#8243; overlay_alpha=&#8221;50&#8243; shift_x=&#8221;0&#8243; shift_y=&#8221;0&#8243; shift_y_down=&#8221;0&#8243; z_index=&#8221;0&#8243; medium_width=&#8221;0&#8243; [&hellip;]<\/p>\n","protected":false},"author":3,"featured_media":2146,"parent":0,"menu_order":0,"comment_status":"closed","ping_status":"open","template":"","meta":{"footnotes":""},"class_list":["post-2751","page","type-page","status-publish","has-post-thumbnail","hentry"],"_links":{"self":[{"href":"https:\/\/papatya.org\/tr\/wp-json\/wp\/v2\/pages\/2751","targetHints":{"allow":["GET"]}}],"collection":[{"href":"https:\/\/papatya.org\/tr\/wp-json\/wp\/v2\/pages"}],"about":[{"href":"https:\/\/papatya.org\/tr\/wp-json\/wp\/v2\/types\/page"}],"author":[{"embeddable":true,"href":"https:\/\/papatya.org\/tr\/wp-json\/wp\/v2\/users\/3"}],"replies":[{"embeddable":true,"href":"https:\/\/papatya.org\/tr\/wp-json\/wp\/v2\/comments?post=2751"}],"version-history":[{"count":3,"href":"https:\/\/papatya.org\/tr\/wp-json\/wp\/v2\/pages\/2751\/revisions"}],"predecessor-version":[{"id":2755,"href":"https:\/\/papatya.org\/tr\/wp-json\/wp\/v2\/pages\/2751\/revisions\/2755"}],"wp:featuredmedia":[{"embeddable":true,"href":"https:\/\/papatya.org\/tr\/wp-json\/wp\/v2\/media\/2146"}],"wp:attachment":[{"href":"https:\/\/papatya.org\/tr\/wp-json\/wp\/v2\/media?parent=2751"}],"curies":[{"name":"wp","href":"https:\/\/api.w.org\/{rel}","templated":true}]}}