{"id":2858,"date":"2021-11-12T15:23:23","date_gmt":"2021-11-12T14:23:23","guid":{"rendered":"https:\/\/fresh.papatya.org\/?page_id=2858"},"modified":"2021-11-19T14:06:26","modified_gmt":"2021-11-19T13:06:26","slug":"yurtdisina-kacirma-durumunda-danismanlik-ve-koordinasyon","status":"publish","type":"page","link":"https:\/\/papatya.org\/tr\/yurtdisina-kacirma-durumunda-danismanlik-ve-koordinasyon\/","title":{"rendered":"Yurtd\u0131\u015f\u0131na ka\u00e7\u0131rma durumunda dan\u0131\u015fmanl\u0131k ve koordinasyon"},"content":{"rendered":"<div class=\"wpb-content-wrapper\"><p>[vc_row][vc_column width=&#8221;1\/1&#8243;][vc_column_text]<\/p>\n<p style=\"text-align: center;\"><span class=\"Y2IQFc\" lang=\"tr\">\u00dczg\u00fcn\u00fcz, bu giri\u015f yaln\u0131zca <a href=\"\/koordinierungsstelle-gegen-verschleppung\/\">Almanca<\/a> ve <\/span><span class=\"Y2IQFc\" lang=\"tr\"><a href=\"\/en\/the-coordination-centre-against-abduction-and-forced-marriage\/\">\u0130nglizce<\/a> mevcuttur.<\/span><\/p>\n<p>[\/vc_column_text][\/vc_column][\/vc_row]<\/p>\n<\/div>","protected":false},"excerpt":{"rendered":"<p>[vc_row][vc_column width=&#8221;1\/1&#8243;][vc_column_text] \u00dczg\u00fcn\u00fcz, bu giri\u015f yaln\u0131zca Almanca ve \u0130nglizce mevcuttur. [\/vc_column_text][\/vc_column][\/vc_row]<\/p>\n","protected":false},"author":3,"featured_media":0,"parent":0,"menu_order":0,"comment_status":"closed","ping_status":"closed","template":"","meta":{"footnotes":""},"class_list":["post-2858","page","type-page","status-publish","hentry"],"_links":{"self":[{"href":"https:\/\/papatya.org\/tr\/wp-json\/wp\/v2\/pages\/2858","targetHints":{"allow":["GET"]}}],"collection":[{"href":"https:\/\/papatya.org\/tr\/wp-json\/wp\/v2\/pages"}],"about":[{"href":"https:\/\/papatya.org\/tr\/wp-json\/wp\/v2\/types\/page"}],"author":[{"embeddable":true,"href":"https:\/\/papatya.org\/tr\/wp-json\/wp\/v2\/users\/3"}],"replies":[{"embeddable":true,"href":"https:\/\/papatya.org\/tr\/wp-json\/wp\/v2\/comments?post=2858"}],"version-history":[{"count":9,"href":"https:\/\/papatya.org\/tr\/wp-json\/wp\/v2\/pages\/2858\/revisions"}],"predecessor-version":[{"id":3164,"href":"https:\/\/papatya.org\/tr\/wp-json\/wp\/v2\/pages\/2858\/revisions\/3164"}],"wp:attachment":[{"href":"https:\/\/papatya.org\/tr\/wp-json\/wp\/v2\/media?parent=2858"}],"curies":[{"name":"wp","href":"https:\/\/api.w.org\/{rel}","templated":true}]}}