{"id":2882,"date":"2021-11-12T16:08:32","date_gmt":"2021-11-12T15:08:32","guid":{"rendered":"https:\/\/fresh.papatya.org\/?page_id=2882"},"modified":"2021-11-19T14:07:52","modified_gmt":"2021-11-19T13:07:52","slug":"anonim-online-danismanlik","status":"publish","type":"page","link":"https:\/\/papatya.org\/tr\/anonim-online-danismanlik\/","title":{"rendered":"Anonim Online Dan\u0131\u015fmanl\u0131k"},"content":{"rendered":"<div class=\"wpb-content-wrapper\"><p>[vc_row][vc_column width=&#8221;1\/1&#8243;][vc_column_text]<\/p>\n<p style=\"text-align: center;\"><span class=\"Y2IQFc\" lang=\"tr\">\u00dczg\u00fcn\u00fcz, bu giri\u015f yaln\u0131zca <a tabindex=\"0\" href=\"\/onlineberatung-sibel\/\">Almanca<\/a> ve <\/span><span class=\"Y2IQFc\" lang=\"tr\"><a tabindex=\"0\" href=\"\/en\/online-counseling-sibel\/\">\u0130nglizce<\/a> mevcuttur.<\/span><\/p>\n<p>[\/vc_column_text][\/vc_column][\/vc_row]<\/p>\n<\/div>","protected":false},"excerpt":{"rendered":"<p>[vc_row][vc_column width=&#8221;1\/1&#8243;][vc_column_text] \u00dczg\u00fcn\u00fcz, bu giri\u015f yaln\u0131zca Almanca ve \u0130nglizce mevcuttur. [\/vc_column_text][\/vc_column][\/vc_row]<\/p>\n","protected":false},"author":3,"featured_media":0,"parent":0,"menu_order":0,"comment_status":"closed","ping_status":"closed","template":"","meta":{"footnotes":""},"class_list":["post-2882","page","type-page","status-publish","hentry"],"_links":{"self":[{"href":"https:\/\/papatya.org\/tr\/wp-json\/wp\/v2\/pages\/2882","targetHints":{"allow":["GET"]}}],"collection":[{"href":"https:\/\/papatya.org\/tr\/wp-json\/wp\/v2\/pages"}],"about":[{"href":"https:\/\/papatya.org\/tr\/wp-json\/wp\/v2\/types\/page"}],"author":[{"embeddable":true,"href":"https:\/\/papatya.org\/tr\/wp-json\/wp\/v2\/users\/3"}],"replies":[{"embeddable":true,"href":"https:\/\/papatya.org\/tr\/wp-json\/wp\/v2\/comments?post=2882"}],"version-history":[{"count":6,"href":"https:\/\/papatya.org\/tr\/wp-json\/wp\/v2\/pages\/2882\/revisions"}],"predecessor-version":[{"id":3168,"href":"https:\/\/papatya.org\/tr\/wp-json\/wp\/v2\/pages\/2882\/revisions\/3168"}],"wp:attachment":[{"href":"https:\/\/papatya.org\/tr\/wp-json\/wp\/v2\/media?parent=2882"}],"curies":[{"name":"wp","href":"https:\/\/api.w.org\/{rel}","templated":true}]}}