{"id":2898,"date":"2021-11-12T16:53:55","date_gmt":"2021-11-12T15:53:55","guid":{"rendered":"https:\/\/fresh.papatya.org\/?page_id=2898"},"modified":"2021-11-19T14:07:08","modified_gmt":"2021-11-19T13:07:08","slug":"bagisiniz-yardimci-olur","status":"publish","type":"page","link":"https:\/\/papatya.org\/tr\/bagisiniz-yardimci-olur\/","title":{"rendered":"Ba\u011f\u0131\u015f\u0131n\u0131z yard\u0131mc\u0131 olur"},"content":{"rendered":"<div class=\"wpb-content-wrapper\"><p>[vc_row row_height_percent=&#8221;0&#8243; overlay_alpha=&#8221;50&#8243; gutter_size=&#8221;4&#8243; column_width_percent=&#8221;100&#8243; shift_y=&#8221;0&#8243; z_index=&#8221;10&#8243; el_class=&#8221;papier&#8221;][vc_column column_width_percent=&#8221;100&#8243; gutter_size=&#8221;3&#8243; overlay_alpha=&#8221;50&#8243; shift_x=&#8221;0&#8243; shift_y=&#8221;0&#8243; shift_y_down=&#8221;0&#8243; z_index=&#8221;0&#8243; medium_width=&#8221;4&#8243; mobile_width=&#8221;0&#8243; width=&#8221;1\/1&#8243;][vc_column_text]<\/p>\n<div class=\"wpb_column pos-top pos-center align_left column_parent col-lg-12 single-internal-gutter\">\n<div class=\"uncol style-light\">\n<div class=\"uncoltable\">\n<div class=\"uncell no-block-padding\">\n<div class=\"uncont\">\n<div class=\"uncode_text_column\">\n<p style=\"text-align: center;\"><span class=\"Y2IQFc\" lang=\"tr\">\u00dczg\u00fcn\u00fcz, bu giri\u015f yaln\u0131zca <a tabindex=\"0\" href=\"\/ihre-spende-hilft\/\">Almanca<\/a> ve <\/span><span class=\"Y2IQFc\" lang=\"tr\"><a tabindex=\"0\" href=\"\/en\/donations\/\">\u0130nglizce<\/a> mevcuttur.<\/span><\/p>\n<\/div>\n<\/div>\n<\/div>\n<\/div>\n<\/div>\n<\/div>\n<p>[\/vc_column_text][\/vc_column][\/vc_row]<\/p>\n<\/div>","protected":false},"excerpt":{"rendered":"<p>[vc_row row_height_percent=&#8221;0&#8243; overlay_alpha=&#8221;50&#8243; gutter_size=&#8221;4&#8243; column_width_percent=&#8221;100&#8243; shift_y=&#8221;0&#8243; z_index=&#8221;10&#8243; el_class=&#8221;papier&#8221;][vc_column column_width_percent=&#8221;100&#8243; gutter_size=&#8221;3&#8243; overlay_alpha=&#8221;50&#8243; shift_x=&#8221;0&#8243; shift_y=&#8221;0&#8243; shift_y_down=&#8221;0&#8243; z_index=&#8221;0&#8243; medium_width=&#8221;4&#8243; mobile_width=&#8221;0&#8243; width=&#8221;1\/1&#8243;][vc_column_text] \u00dczg\u00fcn\u00fcz, bu [&hellip;]<\/p>\n","protected":false},"author":3,"featured_media":2271,"parent":0,"menu_order":0,"comment_status":"closed","ping_status":"closed","template":"","meta":{"footnotes":""},"class_list":["post-2898","page","type-page","status-publish","has-post-thumbnail","hentry"],"_links":{"self":[{"href":"https:\/\/papatya.org\/tr\/wp-json\/wp\/v2\/pages\/2898","targetHints":{"allow":["GET"]}}],"collection":[{"href":"https:\/\/papatya.org\/tr\/wp-json\/wp\/v2\/pages"}],"about":[{"href":"https:\/\/papatya.org\/tr\/wp-json\/wp\/v2\/types\/page"}],"author":[{"embeddable":true,"href":"https:\/\/papatya.org\/tr\/wp-json\/wp\/v2\/users\/3"}],"replies":[{"embeddable":true,"href":"https:\/\/papatya.org\/tr\/wp-json\/wp\/v2\/comments?post=2898"}],"version-history":[{"count":5,"href":"https:\/\/papatya.org\/tr\/wp-json\/wp\/v2\/pages\/2898\/revisions"}],"predecessor-version":[{"id":3167,"href":"https:\/\/papatya.org\/tr\/wp-json\/wp\/v2\/pages\/2898\/revisions\/3167"}],"wp:featuredmedia":[{"embeddable":true,"href":"https:\/\/papatya.org\/tr\/wp-json\/wp\/v2\/media\/2271"}],"wp:attachment":[{"href":"https:\/\/papatya.org\/tr\/wp-json\/wp\/v2\/media?parent=2898"}],"curies":[{"name":"wp","href":"https:\/\/api.w.org\/{rel}","templated":true}]}}